{"id":115,"date":"2022-02-04T15:30:10","date_gmt":"2022-02-04T14:30:10","guid":{"rendered":"https:\/\/praxis-hornscherweg.de\/wordpress\/?page_id=115"},"modified":"2024-01-08T12:03:26","modified_gmt":"2024-01-08T11:03:26","slug":"die-aerzte","status":"publish","type":"page","link":"https:\/\/praxis-hornscherweg.de\/wordpress\/die-aerzte\/","title":{"rendered":"Die \u00c4rzte"},"content":{"rendered":"\t\t<div data-elementor-type=\"wp-page\" data-elementor-id=\"115\" class=\"elementor elementor-115\">\n\t\t\t\t\t\t<section class=\"elementor-section elementor-top-section elementor-element elementor-element-57d885d elementor-section-boxed elementor-section-height-default elementor-section-height-default\" data-id=\"57d885d\" data-element_type=\"section\" data-e-type=\"section\">\n\t\t\t\t\t\t<div class=\"elementor-container elementor-column-gap-default\">\n\t\t\t\t\t<div class=\"elementor-column elementor-col-100 elementor-top-column elementor-element elementor-element-1a7011e\" data-id=\"1a7011e\" data-element_type=\"column\" data-e-type=\"column\">\n\t\t\t<div class=\"elementor-widget-wrap elementor-element-populated\">\n\t\t\t\t\t\t<div class=\"elementor-element elementor-element-c6a12d6 elementor-widget elementor-widget-image\" data-id=\"c6a12d6\" data-element_type=\"widget\" data-e-type=\"widget\" data-widget_type=\"image.default\">\n\t\t\t\t<div class=\"elementor-widget-container\">\n\t\t\t\t\t\t\t\t\t\t\t\t\t\t\t<img fetchpriority=\"high\" decoding=\"async\" width=\"768\" height=\"853\" src=\"https:\/\/praxis-hornscherweg.de\/wordpress\/wp-content\/uploads\/2022\/02\/hoppe-sievert3-768x853.jpg\" class=\"attachment-medium_large size-medium_large wp-image-97\" alt=\"\" srcset=\"https:\/\/praxis-hornscherweg.de\/wordpress\/wp-content\/uploads\/2022\/02\/hoppe-sievert3-768x853.jpg 768w, https:\/\/praxis-hornscherweg.de\/wordpress\/wp-content\/uploads\/2022\/02\/hoppe-sievert3-270x300.jpg 270w, https:\/\/praxis-hornscherweg.de\/wordpress\/wp-content\/uploads\/2022\/02\/hoppe-sievert3-922x1024.jpg 922w, https:\/\/praxis-hornscherweg.de\/wordpress\/wp-content\/uploads\/2022\/02\/hoppe-sievert3-1383x1536.jpg 1383w, https:\/\/praxis-hornscherweg.de\/wordpress\/wp-content\/uploads\/2022\/02\/hoppe-sievert3-1844x2048.jpg 1844w, https:\/\/praxis-hornscherweg.de\/wordpress\/wp-content\/uploads\/2022\/02\/hoppe-sievert3.jpg 1992w\" sizes=\"(max-width: 768px) 100vw, 768px\" \/>\t\t\t\t\t\t\t\t\t\t\t\t\t\t\t<\/div>\n\t\t\t\t<\/div>\n\t\t\t\t<div class=\"elementor-element elementor-element-1578652 elementor-widget elementor-widget-text-editor\" data-id=\"1578652\" data-element_type=\"widget\" data-e-type=\"widget\" data-widget_type=\"text-editor.default\">\n\t\t\t\t<div class=\"elementor-widget-container\">\n\t\t\t\t\t\t\t\t\t<p>Dr. Barbara Hoppe-Sievert<br \/>Fach\u00e4rztin f\u00fcr Innere Medizin und Gastroenterologie<\/p>\t\t\t\t\t\t\t\t<\/div>\n\t\t\t\t<\/div>\n\t\t\t\t\t<\/div>\n\t\t<\/div>\n\t\t\t\t\t<\/div>\n\t\t<\/section>\n\t\t\t\t<section class=\"elementor-section elementor-top-section elementor-element elementor-element-f91690b elementor-section-boxed elementor-section-height-default elementor-section-height-default\" data-id=\"f91690b\" data-element_type=\"section\" data-e-type=\"section\">\n\t\t\t\t\t\t<div class=\"elementor-container elementor-column-gap-default\">\n\t\t\t\t\t<div class=\"elementor-column elementor-col-100 elementor-top-column elementor-element elementor-element-aa3fb27\" data-id=\"aa3fb27\" data-element_type=\"column\" data-e-type=\"column\">\n\t\t\t<div class=\"elementor-widget-wrap elementor-element-populated\">\n\t\t\t\t\t\t<div class=\"elementor-element elementor-element-46b7270 elementor-widget elementor-widget-image\" data-id=\"46b7270\" data-element_type=\"widget\" data-e-type=\"widget\" data-widget_type=\"image.default\">\n\t\t\t\t<div class=\"elementor-widget-container\">\n\t\t\t\t\t\t\t\t\t\t\t\t\t\t\t<img decoding=\"async\" width=\"768\" height=\"779\" src=\"https:\/\/praxis-hornscherweg.de\/wordpress\/wp-content\/uploads\/2022\/02\/Kis-768x779.jpg\" class=\"attachment-medium_large size-medium_large wp-image-98\" alt=\"\" srcset=\"https:\/\/praxis-hornscherweg.de\/wordpress\/wp-content\/uploads\/2022\/02\/Kis-768x779.jpg 768w, https:\/\/praxis-hornscherweg.de\/wordpress\/wp-content\/uploads\/2022\/02\/Kis-296x300.jpg 296w, https:\/\/praxis-hornscherweg.de\/wordpress\/wp-content\/uploads\/2022\/02\/Kis-1009x1024.jpg 1009w, https:\/\/praxis-hornscherweg.de\/wordpress\/wp-content\/uploads\/2022\/02\/Kis-1514x1536.jpg 1514w, https:\/\/praxis-hornscherweg.de\/wordpress\/wp-content\/uploads\/2022\/02\/Kis-2019x2048.jpg 2019w\" sizes=\"(max-width: 768px) 100vw, 768px\" \/>\t\t\t\t\t\t\t\t\t\t\t\t\t\t\t<\/div>\n\t\t\t\t<\/div>\n\t\t\t\t<div class=\"elementor-element elementor-element-e9ef7ba elementor-widget elementor-widget-text-editor\" data-id=\"e9ef7ba\" data-element_type=\"widget\" data-e-type=\"widget\" data-widget_type=\"text-editor.default\">\n\t\t\t\t<div class=\"elementor-widget-container\">\n\t\t\t\t\t\t\t\t\t<p>Dr. Matthias Kis<br \/>Facharzt f\u00fcr Innere Medizin und Gastroenterologie<\/p>\t\t\t\t\t\t\t\t<\/div>\n\t\t\t\t<\/div>\n\t\t\t\t\t<\/div>\n\t\t<\/div>\n\t\t\t\t\t<\/div>\n\t\t<\/section>\n\t\t\t\t<section class=\"elementor-section elementor-top-section elementor-element elementor-element-17969db elementor-section-boxed elementor-section-height-default elementor-section-height-default\" data-id=\"17969db\" data-element_type=\"section\" data-e-type=\"section\">\n\t\t\t\t\t\t<div class=\"elementor-container elementor-column-gap-default\">\n\t\t\t\t\t<div class=\"elementor-column elementor-col-100 elementor-top-column elementor-element elementor-element-e05aacc\" data-id=\"e05aacc\" data-element_type=\"column\" data-e-type=\"column\">\n\t\t\t<div class=\"elementor-widget-wrap elementor-element-populated\">\n\t\t\t\t\t\t<div class=\"elementor-element elementor-element-a786985 elementor-widget elementor-widget-image\" data-id=\"a786985\" data-element_type=\"widget\" data-e-type=\"widget\" data-widget_type=\"image.default\">\n\t\t\t\t<div class=\"elementor-widget-container\">\n\t\t\t\t\t\t\t\t\t\t\t\t\t\t\t<img decoding=\"async\" width=\"768\" height=\"747\" src=\"https:\/\/praxis-hornscherweg.de\/wordpress\/wp-content\/uploads\/2022\/02\/Nikonov2-768x747.jpg\" class=\"attachment-medium_large size-medium_large wp-image-102\" alt=\"\" srcset=\"https:\/\/praxis-hornscherweg.de\/wordpress\/wp-content\/uploads\/2022\/02\/Nikonov2-768x747.jpg 768w, https:\/\/praxis-hornscherweg.de\/wordpress\/wp-content\/uploads\/2022\/02\/Nikonov2-300x292.jpg 300w, https:\/\/praxis-hornscherweg.de\/wordpress\/wp-content\/uploads\/2022\/02\/Nikonov2-1024x996.jpg 1024w, https:\/\/praxis-hornscherweg.de\/wordpress\/wp-content\/uploads\/2022\/02\/Nikonov2-1536x1495.jpg 1536w, https:\/\/praxis-hornscherweg.de\/wordpress\/wp-content\/uploads\/2022\/02\/Nikonov2.jpg 1999w\" sizes=\"(max-width: 768px) 100vw, 768px\" \/>\t\t\t\t\t\t\t\t\t\t\t\t\t\t\t<\/div>\n\t\t\t\t<\/div>\n\t\t\t\t<div class=\"elementor-element elementor-element-17d36c4 elementor-widget elementor-widget-text-editor\" data-id=\"17d36c4\" data-element_type=\"widget\" data-e-type=\"widget\" data-widget_type=\"text-editor.default\">\n\t\t\t\t<div class=\"elementor-widget-container\">\n\t\t\t\t\t\t\t\t\t<p>Frau Anna Nikonov<br \/>Fach\u00e4rztin f\u00fcr Allgemeinmedizin<\/p>\t\t\t\t\t\t\t\t<\/div>\n\t\t\t\t<\/div>\n\t\t\t\t\t<\/div>\n\t\t<\/div>\n\t\t\t\t\t<\/div>\n\t\t<\/section>\n\t\t\t\t<\/div>\n\t\t","protected":false},"excerpt":{"rendered":"<p>Dr. Barbara Hoppe-SievertFach\u00e4rztin f\u00fcr Innere Medizin und Gastroenterologie Dr. Matthias KisFacharzt f\u00fcr Innere Medizin und Gastroenterologie Frau Anna NikonovFach\u00e4rztin f\u00fcr Allgemeinmedizin<\/p>\n","protected":false},"author":3,"featured_media":0,"parent":0,"menu_order":3,"comment_status":"closed","ping_status":"closed","template":"","meta":{"site-sidebar-layout":"no-sidebar","site-content-layout":"page-builder","ast-site-content-layout":"default","site-content-style":"default","site-sidebar-style":"default","ast-global-header-display":"","ast-banner-title-visibility":"","ast-main-header-display":"","ast-hfb-above-header-display":"","ast-hfb-below-header-display":"","ast-hfb-mobile-header-display":"","site-post-title":"disabled","ast-breadcrumbs-content":"","ast-featured-img":"disabled","footer-sml-layout":"","ast-disable-related-posts":"","theme-transparent-header-meta":"","adv-header-id-meta":"","stick-header-meta":"","header-above-stick-meta":"","header-main-stick-meta":"","header-below-stick-meta":"","astra-migrate-meta-layouts":"default","ast-page-background-enabled":"default","ast-page-background-meta":{"desktop":{"background-color":"var(--ast-global-color-4)","background-image":"","background-repeat":"repeat","background-position":"center center","background-size":"auto","background-attachment":"scroll","background-type":"","background-media":"","overlay-type":"","overlay-color":"","overlay-opacity":"","overlay-gradient":""},"tablet":{"background-color":"","background-image":"","background-repeat":"repeat","background-position":"center center","background-size":"auto","background-attachment":"scroll","background-type":"","background-media":"","overlay-type":"","overlay-color":"","overlay-opacity":"","overlay-gradient":""},"mobile":{"background-color":"","background-image":"","background-repeat":"repeat","background-position":"center center","background-size":"auto","background-attachment":"scroll","background-type":"","background-media":"","overlay-type":"","overlay-color":"","overlay-opacity":"","overlay-gradient":""}},"ast-content-background-meta":{"desktop":{"background-color":"var(--ast-global-color-5)","background-image":"","background-repeat":"repeat","background-position":"center center","background-size":"auto","background-attachment":"scroll","background-type":"","background-media":"","overlay-type":"","overlay-color":"","overlay-opacity":"","overlay-gradient":""},"tablet":{"background-color":"var(--ast-global-color-5)","background-image":"","background-repeat":"repeat","background-position":"center center","background-size":"auto","background-attachment":"scroll","background-type":"","background-media":"","overlay-type":"","overlay-color":"","overlay-opacity":"","overlay-gradient":""},"mobile":{"background-color":"var(--ast-global-color-5)","background-image":"","background-repeat":"repeat","background-position":"center center","background-size":"auto","background-attachment":"scroll","background-type":"","background-media":"","overlay-type":"","overlay-color":"","overlay-opacity":"","overlay-gradient":""}},"footnotes":""},"class_list":["post-115","page","type-page","status-publish","hentry"],"_links":{"self":[{"href":"https:\/\/praxis-hornscherweg.de\/wordpress\/wp-json\/wp\/v2\/pages\/115","targetHints":{"allow":["GET"]}}],"collection":[{"href":"https:\/\/praxis-hornscherweg.de\/wordpress\/wp-json\/wp\/v2\/pages"}],"about":[{"href":"https:\/\/praxis-hornscherweg.de\/wordpress\/wp-json\/wp\/v2\/types\/page"}],"author":[{"embeddable":true,"href":"https:\/\/praxis-hornscherweg.de\/wordpress\/wp-json\/wp\/v2\/users\/3"}],"replies":[{"embeddable":true,"href":"https:\/\/praxis-hornscherweg.de\/wordpress\/wp-json\/wp\/v2\/comments?post=115"}],"version-history":[{"count":31,"href":"https:\/\/praxis-hornscherweg.de\/wordpress\/wp-json\/wp\/v2\/pages\/115\/revisions"}],"predecessor-version":[{"id":645,"href":"https:\/\/praxis-hornscherweg.de\/wordpress\/wp-json\/wp\/v2\/pages\/115\/revisions\/645"}],"wp:attachment":[{"href":"https:\/\/praxis-hornscherweg.de\/wordpress\/wp-json\/wp\/v2\/media?parent=115"}],"curies":[{"name":"wp","href":"https:\/\/api.w.org\/{rel}","templated":true}]}}