{"id":155,"date":"2022-02-04T15:51:04","date_gmt":"2022-02-04T14:51:04","guid":{"rendered":"https:\/\/praxis-hornscherweg.de\/wordpress\/?page_id=155"},"modified":"2023-05-13T23:59:36","modified_gmt":"2023-05-13T21:59:36","slug":"anfahrt","status":"publish","type":"page","link":"https:\/\/praxis-hornscherweg.de\/wordpress\/anfahrt\/","title":{"rendered":"Anfahrt"},"content":{"rendered":"\t\t<div data-elementor-type=\"wp-page\" data-elementor-id=\"155\" class=\"elementor elementor-155\">\n\t\t\t\t\t\t<section class=\"elementor-section elementor-top-section elementor-element elementor-element-264f970 elementor-section-boxed elementor-section-height-default elementor-section-height-default\" data-id=\"264f970\" data-element_type=\"section\" data-e-type=\"section\">\n\t\t\t\t\t\t<div class=\"elementor-container elementor-column-gap-default\">\n\t\t\t\t\t<div class=\"elementor-column elementor-col-100 elementor-top-column elementor-element elementor-element-5cac6f1\" data-id=\"5cac6f1\" data-element_type=\"column\" data-e-type=\"column\">\n\t\t\t<div class=\"elementor-widget-wrap elementor-element-populated\">\n\t\t\t\t\t\t<div class=\"elementor-element elementor-element-bcdfacc elementor-widget elementor-widget-text-editor\" data-id=\"bcdfacc\" data-element_type=\"widget\" data-e-type=\"widget\" data-widget_type=\"text-editor.default\">\n\t\t\t\t<div class=\"elementor-widget-container\">\n\t\t\t\t\t\t\t\t\t<h4><strong>So finden Sie uns:<\/strong><\/h4><p>Praxis Hornscher Weg<br \/>Hornscher Weg 114<br \/>32657 Lemgo<\/p>\t\t\t\t\t\t\t\t<\/div>\n\t\t\t\t<\/div>\n\t\t\t\t<div class=\"elementor-element elementor-element-8193e1e elementor-widget elementor-widget-image\" data-id=\"8193e1e\" data-element_type=\"widget\" data-e-type=\"widget\" data-widget_type=\"image.default\">\n\t\t\t\t<div class=\"elementor-widget-container\">\n\t\t\t\t\t\t\t\t\t\t\t\t\t\t\t<img fetchpriority=\"high\" decoding=\"async\" width=\"813\" height=\"1024\" src=\"https:\/\/praxis-hornscherweg.de\/wordpress\/wp-content\/uploads\/plan-4-813x1024.jpg\" class=\"attachment-large size-large wp-image-488\" alt=\"\" srcset=\"https:\/\/praxis-hornscherweg.de\/wordpress\/wp-content\/uploads\/plan-4-813x1024.jpg 813w, https:\/\/praxis-hornscherweg.de\/wordpress\/wp-content\/uploads\/plan-4-238x300.jpg 238w, https:\/\/praxis-hornscherweg.de\/wordpress\/wp-content\/uploads\/plan-4-768x968.jpg 768w, https:\/\/praxis-hornscherweg.de\/wordpress\/wp-content\/uploads\/plan-4-1219x1536.jpg 1219w, https:\/\/praxis-hornscherweg.de\/wordpress\/wp-content\/uploads\/plan-4.jpg 1303w\" sizes=\"(max-width: 813px) 100vw, 813px\" \/>\t\t\t\t\t\t\t\t\t\t\t\t\t\t\t<\/div>\n\t\t\t\t<\/div>\n\t\t\t\t<div class=\"elementor-element elementor-element-c5ff4e8 elementor-widget elementor-widget-text-editor\" data-id=\"c5ff4e8\" data-element_type=\"widget\" data-e-type=\"widget\" data-widget_type=\"text-editor.default\">\n\t\t\t\t<div class=\"elementor-widget-container\">\n\t\t\t\t\t\t\t\t\t<p><img decoding=\"async\" class=\"alignnone size-full wp-image-39\" src=\"https:\/\/praxis-hornscherweg.de\/wordpress\/wp-content\/uploads\/2022\/02\/haltestelle.png\" alt=\"\" width=\"52\" height=\"53\" \/> Unsere Praxis erreichen Sie mit dem Stadtbus Linie 1 (blaue Linie). Die Haltestelle &#8222;Schiefe Breite&#8220; befindet sich in unmittelbarer Praxisn\u00e4he.<\/p><p><img decoding=\"async\" class=\"alignnone size-full wp-image-41\" src=\"https:\/\/praxis-hornscherweg.de\/wordpress\/wp-content\/uploads\/2022\/02\/parkplatz.png\" alt=\"\" width=\"46\" height=\"46\" \/> F\u00fcr PKW\u00b4s stehen auf 2 eigenen Parkpl\u00e4tzen ausreichend Stellpl\u00e4tze zur Verf\u00fcgung.<\/p><p><img loading=\"lazy\" decoding=\"async\" class=\"alignnone size-full wp-image-43\" src=\"https:\/\/praxis-hornscherweg.de\/wordpress\/wp-content\/uploads\/2022\/02\/rollstuhl.png\" alt=\"\" width=\"42\" height=\"42\" \/> Der Eingangsbereich und die gesamten Praxisr\u00e4ume sind rollstuhlgerecht ausgestattet. <\/p>\t\t\t\t\t\t\t\t<\/div>\n\t\t\t\t<\/div>\n\t\t\t\t\t<\/div>\n\t\t<\/div>\n\t\t\t\t\t<\/div>\n\t\t<\/section>\n\t\t\t\t<\/div>\n\t\t","protected":false},"excerpt":{"rendered":"<p>So finden Sie uns: Praxis Hornscher WegHornscher Weg 11432657 Lemgo Unsere Praxis erreichen Sie mit dem Stadtbus Linie 1 (blaue Linie). Die Haltestelle &#8222;Schiefe Breite&#8220; befindet sich in unmittelbarer Praxisn\u00e4he. F\u00fcr PKW\u00b4s stehen auf 2 eigenen Parkpl\u00e4tzen ausreichend Stellpl\u00e4tze zur Verf\u00fcgung. Der Eingangsbereich und die gesamten Praxisr\u00e4ume sind rollstuhlgerecht ausgestattet.<\/p>\n","protected":false},"author":3,"featured_media":0,"parent":0,"menu_order":8,"comment_status":"closed","ping_status":"closed","template":"","meta":{"site-sidebar-layout":"no-sidebar","site-content-layout":"page-builder","ast-site-content-layout":"default","site-content-style":"default","site-sidebar-style":"default","ast-global-header-display":"","ast-banner-title-visibility":"","ast-main-header-display":"","ast-hfb-above-header-display":"","ast-hfb-below-header-display":"","ast-hfb-mobile-header-display":"","site-post-title":"disabled","ast-breadcrumbs-content":"","ast-featured-img":"disabled","footer-sml-layout":"","ast-disable-related-posts":"","theme-transparent-header-meta":"","adv-header-id-meta":"","stick-header-meta":"","header-above-stick-meta":"","header-main-stick-meta":"","header-below-stick-meta":"","astra-migrate-meta-layouts":"default","ast-page-background-enabled":"default","ast-page-background-meta":{"desktop":{"background-color":"var(--ast-global-color-4)","background-image":"","background-repeat":"repeat","background-position":"center center","background-size":"auto","background-attachment":"scroll","background-type":"","background-media":"","overlay-type":"","overlay-color":"","overlay-opacity":"","overlay-gradient":""},"tablet":{"background-color":"","background-image":"","background-repeat":"repeat","background-position":"center center","background-size":"auto","background-attachment":"scroll","background-type":"","background-media":"","overlay-type":"","overlay-color":"","overlay-opacity":"","overlay-gradient":""},"mobile":{"background-color":"","background-image":"","background-repeat":"repeat","background-position":"center center","background-size":"auto","background-attachment":"scroll","background-type":"","background-media":"","overlay-type":"","overlay-color":"","overlay-opacity":"","overlay-gradient":""}},"ast-content-background-meta":{"desktop":{"background-color":"var(--ast-global-color-5)","background-image":"","background-repeat":"repeat","background-position":"center center","background-size":"auto","background-attachment":"scroll","background-type":"","background-media":"","overlay-type":"","overlay-color":"","overlay-opacity":"","overlay-gradient":""},"tablet":{"background-color":"var(--ast-global-color-5)","background-image":"","background-repeat":"repeat","background-position":"center center","background-size":"auto","background-attachment":"scroll","background-type":"","background-media":"","overlay-type":"","overlay-color":"","overlay-opacity":"","overlay-gradient":""},"mobile":{"background-color":"var(--ast-global-color-5)","background-image":"","background-repeat":"repeat","background-position":"center center","background-size":"auto","background-attachment":"scroll","background-type":"","background-media":"","overlay-type":"","overlay-color":"","overlay-opacity":"","overlay-gradient":""}},"footnotes":""},"class_list":["post-155","page","type-page","status-publish","hentry"],"_links":{"self":[{"href":"https:\/\/praxis-hornscherweg.de\/wordpress\/wp-json\/wp\/v2\/pages\/155","targetHints":{"allow":["GET"]}}],"collection":[{"href":"https:\/\/praxis-hornscherweg.de\/wordpress\/wp-json\/wp\/v2\/pages"}],"about":[{"href":"https:\/\/praxis-hornscherweg.de\/wordpress\/wp-json\/wp\/v2\/types\/page"}],"author":[{"embeddable":true,"href":"https:\/\/praxis-hornscherweg.de\/wordpress\/wp-json\/wp\/v2\/users\/3"}],"replies":[{"embeddable":true,"href":"https:\/\/praxis-hornscherweg.de\/wordpress\/wp-json\/wp\/v2\/comments?post=155"}],"version-history":[{"count":10,"href":"https:\/\/praxis-hornscherweg.de\/wordpress\/wp-json\/wp\/v2\/pages\/155\/revisions"}],"predecessor-version":[{"id":491,"href":"https:\/\/praxis-hornscherweg.de\/wordpress\/wp-json\/wp\/v2\/pages\/155\/revisions\/491"}],"wp:attachment":[{"href":"https:\/\/praxis-hornscherweg.de\/wordpress\/wp-json\/wp\/v2\/media?parent=155"}],"curies":[{"name":"wp","href":"https:\/\/api.w.org\/{rel}","templated":true}]}}