{"id":163,"date":"2022-02-04T16:01:47","date_gmt":"2022-02-04T15:01:47","guid":{"rendered":"https:\/\/praxis-hornscherweg.de\/wordpress\/?page_id=163"},"modified":"2025-09-05T19:04:13","modified_gmt":"2025-09-05T17:04:13","slug":"termine","status":"publish","type":"page","link":"https:\/\/praxis-hornscherweg.de\/wordpress\/termine\/","title":{"rendered":"Termine"},"content":{"rendered":"\t\t<div data-elementor-type=\"wp-page\" data-elementor-id=\"163\" class=\"elementor elementor-163\">\n\t\t\t\t\t\t<section class=\"elementor-section elementor-top-section elementor-element elementor-element-daa4508 elementor-section-boxed elementor-section-height-default elementor-section-height-default\" data-id=\"daa4508\" data-element_type=\"section\" data-e-type=\"section\">\n\t\t\t\t\t\t<div class=\"elementor-container elementor-column-gap-default\">\n\t\t\t\t\t<div class=\"elementor-column elementor-col-100 elementor-top-column elementor-element elementor-element-5a8a051\" data-id=\"5a8a051\" data-element_type=\"column\" data-e-type=\"column\">\n\t\t\t<div class=\"elementor-widget-wrap elementor-element-populated\">\n\t\t\t\t\t\t<div class=\"elementor-element elementor-element-a038102 elementor-widget elementor-widget-text-editor\" data-id=\"a038102\" data-element_type=\"widget\" data-e-type=\"widget\" data-widget_type=\"text-editor.default\">\n\t\t\t\t<div class=\"elementor-widget-container\">\n\t\t\t\t\t\t\t\t\t<p>Hinweis: Ihre Daten werden im Rahmen unserer <a href=\"https:\/\/praxis-hornscherweg.de\/wordpress\/datenschutzerklaerung\/\">Datenschutzerkl\u00e4rung<\/a> nur f\u00fcr die Bearbeitung der Terminvereinbarung verarbeitet.<\/p><p>Die verf\u00fcgbaren Termine sind ausschlie\u00dflich f\u00fcr Corona-Impfungen vorgesehen. Wenn Sie zus\u00e4tzlich eine Grippe-Impfung w\u00fcnschen, dann k\u00f6nnen Sie uns am Termin einfach Bescheid sagen. <br \/>Wenn Sie nur eine Grippe-Impfung w\u00fcnschen, dann ist dies jederzeit in der offenen Sprechstunde m\u00f6glich.<\/p>\t\t\t\t\t\t\t\t<\/div>\n\t\t\t\t<\/div>\n\t\t\t\t<div class=\"elementor-element elementor-element-f68402f elementor-widget elementor-widget-html\" data-id=\"f68402f\" data-element_type=\"widget\" data-e-type=\"widget\" data-widget_type=\"html.default\">\n\t\t\t\t<div class=\"elementor-widget-container\">\n\t\t\t\t\t<script>\n  function resizeIframe(obj) {\n    obj.style.height = window.innerHeight + 'px';\n  }\n<\/script>\n\n<iframe src=\"https:\/\/www.docvisit.de\/kalender\/phw\" onload=\"resizeIframe(this);\"><\/iframe>\t\t\t\t<\/div>\n\t\t\t\t<\/div>\n\t\t\t\t\t<\/div>\n\t\t<\/div>\n\t\t\t\t\t<\/div>\n\t\t<\/section>\n\t\t\t\t<\/div>\n\t\t","protected":false},"excerpt":{"rendered":"<p>Hinweis: Ihre Daten werden im Rahmen unserer Datenschutzerkl\u00e4rung nur f\u00fcr die Bearbeitung der Terminvereinbarung verarbeitet. Die verf\u00fcgbaren Termine sind ausschlie\u00dflich f\u00fcr Corona-Impfungen vorgesehen. Wenn Sie zus\u00e4tzlich eine Grippe-Impfung w\u00fcnschen, dann k\u00f6nnen Sie uns am Termin einfach Bescheid sagen. Wenn Sie nur eine Grippe-Impfung w\u00fcnschen, dann ist dies jederzeit in der offenen Sprechstunde m\u00f6glich.<\/p>\n","protected":false},"author":3,"featured_media":0,"parent":0,"menu_order":10,"comment_status":"closed","ping_status":"closed","template":"","meta":{"site-sidebar-layout":"no-sidebar","site-content-layout":"page-builder","ast-site-content-layout":"full-width-container","site-content-style":"unboxed","site-sidebar-style":"unboxed","ast-global-header-display":"","ast-banner-title-visibility":"","ast-main-header-display":"","ast-hfb-above-header-display":"","ast-hfb-below-header-display":"","ast-hfb-mobile-header-display":"","site-post-title":"disabled","ast-breadcrumbs-content":"","ast-featured-img":"disabled","footer-sml-layout":"","ast-disable-related-posts":"","theme-transparent-header-meta":"","adv-header-id-meta":"","stick-header-meta":"","header-above-stick-meta":"","header-main-stick-meta":"","header-below-stick-meta":"","astra-migrate-meta-layouts":"set","ast-page-background-enabled":"default","ast-page-background-meta":{"desktop":{"background-color":"var(--ast-global-color-4)","background-image":"","background-repeat":"repeat","background-position":"center center","background-size":"auto","background-attachment":"scroll","background-type":"","background-media":"","overlay-type":"","overlay-color":"","overlay-opacity":"","overlay-gradient":""},"tablet":{"background-color":"","background-image":"","background-repeat":"repeat","background-position":"center center","background-size":"auto","background-attachment":"scroll","background-type":"","background-media":"","overlay-type":"","overlay-color":"","overlay-opacity":"","overlay-gradient":""},"mobile":{"background-color":"","background-image":"","background-repeat":"repeat","background-position":"center center","background-size":"auto","background-attachment":"scroll","background-type":"","background-media":"","overlay-type":"","overlay-color":"","overlay-opacity":"","overlay-gradient":""}},"ast-content-background-meta":{"desktop":{"background-color":"var(--ast-global-color-5)","background-image":"","background-repeat":"repeat","background-position":"center center","background-size":"auto","background-attachment":"scroll","background-type":"","background-media":"","overlay-type":"","overlay-color":"","overlay-opacity":"","overlay-gradient":""},"tablet":{"background-color":"var(--ast-global-color-5)","background-image":"","background-repeat":"repeat","background-position":"center center","background-size":"auto","background-attachment":"scroll","background-type":"","background-media":"","overlay-type":"","overlay-color":"","overlay-opacity":"","overlay-gradient":""},"mobile":{"background-color":"var(--ast-global-color-5)","background-image":"","background-repeat":"repeat","background-position":"center center","background-size":"auto","background-attachment":"scroll","background-type":"","background-media":"","overlay-type":"","overlay-color":"","overlay-opacity":"","overlay-gradient":""}},"footnotes":""},"class_list":["post-163","page","type-page","status-publish","hentry"],"_links":{"self":[{"href":"https:\/\/praxis-hornscherweg.de\/wordpress\/wp-json\/wp\/v2\/pages\/163","targetHints":{"allow":["GET"]}}],"collection":[{"href":"https:\/\/praxis-hornscherweg.de\/wordpress\/wp-json\/wp\/v2\/pages"}],"about":[{"href":"https:\/\/praxis-hornscherweg.de\/wordpress\/wp-json\/wp\/v2\/types\/page"}],"author":[{"embeddable":true,"href":"https:\/\/praxis-hornscherweg.de\/wordpress\/wp-json\/wp\/v2\/users\/3"}],"replies":[{"embeddable":true,"href":"https:\/\/praxis-hornscherweg.de\/wordpress\/wp-json\/wp\/v2\/comments?post=163"}],"version-history":[{"count":46,"href":"https:\/\/praxis-hornscherweg.de\/wordpress\/wp-json\/wp\/v2\/pages\/163\/revisions"}],"predecessor-version":[{"id":817,"href":"https:\/\/praxis-hornscherweg.de\/wordpress\/wp-json\/wp\/v2\/pages\/163\/revisions\/817"}],"wp:attachment":[{"href":"https:\/\/praxis-hornscherweg.de\/wordpress\/wp-json\/wp\/v2\/media?parent=163"}],"curies":[{"name":"wp","href":"https:\/\/api.w.org\/{rel}","templated":true}]}}