{"id":173,"date":"2022-02-04T16:11:40","date_gmt":"2022-02-04T15:11:40","guid":{"rendered":"https:\/\/praxis-hornscherweg.de\/wordpress\/?page_id=173"},"modified":"2025-06-05T16:27:09","modified_gmt":"2025-06-05T14:27:09","slug":"notfall","status":"publish","type":"page","link":"https:\/\/praxis-hornscherweg.de\/wordpress\/notfall\/","title":{"rendered":"Notfall"},"content":{"rendered":"\t\t<div data-elementor-type=\"wp-page\" data-elementor-id=\"173\" class=\"elementor elementor-173\">\n\t\t\t\t\t\t<section class=\"elementor-section elementor-top-section elementor-element elementor-element-5310f7a elementor-section-boxed elementor-section-height-default elementor-section-height-default\" data-id=\"5310f7a\" data-element_type=\"section\" data-e-type=\"section\">\n\t\t\t\t\t\t<div class=\"elementor-container elementor-column-gap-default\">\n\t\t\t\t\t<div class=\"elementor-column elementor-col-100 elementor-top-column elementor-element elementor-element-050d769\" data-id=\"050d769\" data-element_type=\"column\" data-e-type=\"column\">\n\t\t\t<div class=\"elementor-widget-wrap elementor-element-populated\">\n\t\t\t\t\t\t<div class=\"elementor-element elementor-element-c8d9dc3 elementor-widget elementor-widget-text-editor\" data-id=\"c8d9dc3\" data-element_type=\"widget\" data-e-type=\"widget\" data-widget_type=\"text-editor.default\">\n\t\t\t\t<div class=\"elementor-widget-container\">\n\t\t\t\t\t\t\t\t\t<h4><strong>Notfalldienst:<\/strong><\/h4><p>Sollte die Praxis nicht besetzt sein:<\/p><p>&#8211; wenden Sie sich bitte an die <strong>haus\u00e4rztlichen Notfallpraxen<\/strong> in Lemgo oder Detmold.<\/p><p>Die Notfallpraxis in<strong> Lemgo<\/strong> ist in die Notaufnahme des Klinikums Lemgo integriert und<br \/>Mittwoch und Freitag von <strong>15:00<\/strong> bis <strong>21:00<\/strong> Uhr,<br \/>am Wochenende und an Feiertagen von<strong> 9:00<\/strong> bis <strong>13:00<\/strong> Uhr und<br \/>von <strong>16:00<\/strong> bis <strong>21:00<\/strong> Uhr besetzt.<\/p><p>Die Notfallpraxis in <strong>Detmold<\/strong> ist im Medicum, direkt neben dem Klinikum Detmold und<br \/>Montag, Dienstag und Donnerstag von <strong>18:00<\/strong> bis <strong>22:00<\/strong> Uhr,<br \/>Mittwoch und Freitag von <strong>13:00<\/strong> bis <strong>22:00<\/strong> Uhr,<br \/>am Wochenende und an Feiertagen von <strong>8:00<\/strong> bis <strong>22:00<\/strong> Uhr besetzt.<\/p><p>Die Notfallpraxen sind ausgeschildert:<\/p><p><img decoding=\"async\" class=\"alignnone size-medium wp-image-175\" src=\"https:\/\/praxis-hornscherweg.de\/wordpress\/wp-content\/uploads\/2022\/02\/logo_notfall2-300x119.png\" alt=\"\" width=\"300\" height=\"119\" srcset=\"https:\/\/praxis-hornscherweg.de\/wordpress\/wp-content\/uploads\/2022\/02\/logo_notfall2-300x119.png 300w, https:\/\/praxis-hornscherweg.de\/wordpress\/wp-content\/uploads\/2022\/02\/logo_notfall2-1024x406.png 1024w, https:\/\/praxis-hornscherweg.de\/wordpress\/wp-content\/uploads\/2022\/02\/logo_notfall2-768x304.png 768w, https:\/\/praxis-hornscherweg.de\/wordpress\/wp-content\/uploads\/2022\/02\/logo_notfall2-1536x609.png 1536w, https:\/\/praxis-hornscherweg.de\/wordpress\/wp-content\/uploads\/2022\/02\/logo_notfall2.png 1854w\" sizes=\"(max-width: 300px) 100vw, 300px\" \/><\/p><p>&#8211; erreichen Sie Montag, Dienstag und Donnerstag ab 18:00 Uhr,<\/p><p>Mittwoch und Freitag ab 13:00 Uhr und am Wochenende und an Feiertagen den<\/p><p><strong>haus\u00e4rztlichen Notfalldienst<\/strong> unter der kostenfreien zentralen Rufnummer:<\/p><h4>\u00a0\u00a0\u00a0\u00a0\u00a0\u00a0\u00a0\u00a0\u00a0\u00a0\u00a0\u00a0\u00a0\u00a0\u00a0\u00a0\u00a0\u00a0\u00a0\u00a0\u00a0\u00a0\u00a0\u00a0\u00a0\u00a0\u00a0\u00a0\u00a0\u00a0\u00a0\u00a0\u00a0\u00a0\u00a0\u00a0\u00a0\u00a0\u00a0\u00a0\u00a0\u00a0\u00a0 <strong>116117<\/strong><\/h4><p>&#8211; alamieren Sie in lebensbedrohlichen Situationen den <strong>Notarzt<\/strong> unter der Rufnummer:<\/p><h4>\u00a0\u00a0\u00a0\u00a0\u00a0\u00a0\u00a0\u00a0\u00a0\u00a0\u00a0 \u00a0\u00a0\u00a0\u00a0\u00a0\u00a0\u00a0\u00a0\u00a0\u00a0\u00a0\u00a0\u00a0\u00a0\u00a0\u00a0\u00a0\u00a0\u00a0\u00a0\u00a0\u00a0\u00a0\u00a0\u00a0\u00a0\u00a0\u00a0\u00a0\u00a0\u00a0\u00a0\u00a0 <strong>112<\/strong><\/h4>\t\t\t\t\t\t\t\t<\/div>\n\t\t\t\t<\/div>\n\t\t\t\t\t<\/div>\n\t\t<\/div>\n\t\t\t\t\t<\/div>\n\t\t<\/section>\n\t\t\t\t<section class=\"elementor-section elementor-top-section elementor-element elementor-element-2f3cef1 elementor-section-boxed elementor-section-height-default elementor-section-height-default\" data-id=\"2f3cef1\" data-element_type=\"section\" data-e-type=\"section\">\n\t\t\t\t\t\t<div class=\"elementor-container elementor-column-gap-default\">\n\t\t\t\t\t<div class=\"elementor-column elementor-col-100 elementor-top-column elementor-element elementor-element-b5b66aa\" data-id=\"b5b66aa\" data-element_type=\"column\" data-e-type=\"column\">\n\t\t\t<div class=\"elementor-widget-wrap elementor-element-populated\">\n\t\t\t\t\t\t<div class=\"elementor-element elementor-element-4c7c14c elementor-widget elementor-widget-text-editor\" data-id=\"4c7c14c\" data-element_type=\"widget\" data-e-type=\"widget\" data-widget_type=\"text-editor.default\">\n\t\t\t\t<div class=\"elementor-widget-container\">\n\t\t\t\t\t\t\t\t\t<h4><strong>weitere n\u00fctzliche Links und Telefonnummern:<\/strong><\/h4><p>&#8211; <a href=\"https:\/\/www.akwl.de\/notdienstkalender.php\" target=\"_blank\" rel=\"noopener\">Apothekennotdienst<\/a><\/p><p>&#8211; Zahn\u00e4rztlicher, Augen\u00e4rztlicher oder Kindernotdienst: \u00fcber die kostenfreie, zentrale Rufnummer<\/p><h4><strong>\u00a0\u00a0\u00a0\u00a0\u00a0\u00a0\u00a0\u00a0\u00a0\u00a0\u00a0\u00a0\u00a0\u00a0\u00a0\u00a0\u00a0\u00a0\u00a0\u00a0\u00a0\u00a0\u00a0\u00a0\u00a0\u00a0\u00a0\u00a0\u00a0\u00a0\u00a0\u00a0\u00a0\u00a0\u00a0\u00a0\u00a0\u00a0\u00a0\u00a0\u00a0\u00a0\u00a0 116117<\/strong><\/h4><p>&#8211; Notfallhandy der Praxis: <strong>0160\/6522588<\/strong><\/p>\t\t\t\t\t\t\t\t<\/div>\n\t\t\t\t<\/div>\n\t\t\t\t\t<\/div>\n\t\t<\/div>\n\t\t\t\t\t<\/div>\n\t\t<\/section>\n\t\t\t\t<\/div>\n\t\t","protected":false},"excerpt":{"rendered":"<p>Notfalldienst: Sollte die Praxis nicht besetzt sein: &#8211; wenden Sie sich bitte an die haus\u00e4rztlichen Notfallpraxen in Lemgo oder Detmold. Die Notfallpraxis in Lemgo ist in die Notaufnahme des Klinikums Lemgo integriert undMittwoch und Freitag von 15:00 bis 21:00 Uhr,am Wochenende und an Feiertagen von 9:00 bis 13:00 Uhr undvon 16:00 bis 21:00 Uhr besetzt. [&hellip;]<\/p>\n","protected":false},"author":3,"featured_media":0,"parent":0,"menu_order":11,"comment_status":"closed","ping_status":"closed","template":"","meta":{"site-sidebar-layout":"no-sidebar","site-content-layout":"page-builder","ast-site-content-layout":"default","site-content-style":"default","site-sidebar-style":"default","ast-global-header-display":"","ast-banner-title-visibility":"","ast-main-header-display":"","ast-hfb-above-header-display":"","ast-hfb-below-header-display":"","ast-hfb-mobile-header-display":"","site-post-title":"disabled","ast-breadcrumbs-content":"","ast-featured-img":"disabled","footer-sml-layout":"","ast-disable-related-posts":"","theme-transparent-header-meta":"","adv-header-id-meta":"","stick-header-meta":"","header-above-stick-meta":"","header-main-stick-meta":"","header-below-stick-meta":"","astra-migrate-meta-layouts":"default","ast-page-background-enabled":"default","ast-page-background-meta":{"desktop":{"background-color":"var(--ast-global-color-4)","background-image":"","background-repeat":"repeat","background-position":"center center","background-size":"auto","background-attachment":"scroll","background-type":"","background-media":"","overlay-type":"","overlay-color":"","overlay-opacity":"","overlay-gradient":""},"tablet":{"background-color":"","background-image":"","background-repeat":"repeat","background-position":"center center","background-size":"auto","background-attachment":"scroll","background-type":"","background-media":"","overlay-type":"","overlay-color":"","overlay-opacity":"","overlay-gradient":""},"mobile":{"background-color":"","background-image":"","background-repeat":"repeat","background-position":"center center","background-size":"auto","background-attachment":"scroll","background-type":"","background-media":"","overlay-type":"","overlay-color":"","overlay-opacity":"","overlay-gradient":""}},"ast-content-background-meta":{"desktop":{"background-color":"var(--ast-global-color-5)","background-image":"","background-repeat":"repeat","background-position":"center center","background-size":"auto","background-attachment":"scroll","background-type":"","background-media":"","overlay-type":"","overlay-color":"","overlay-opacity":"","overlay-gradient":""},"tablet":{"background-color":"var(--ast-global-color-5)","background-image":"","background-repeat":"repeat","background-position":"center center","background-size":"auto","background-attachment":"scroll","background-type":"","background-media":"","overlay-type":"","overlay-color":"","overlay-opacity":"","overlay-gradient":""},"mobile":{"background-color":"var(--ast-global-color-5)","background-image":"","background-repeat":"repeat","background-position":"center center","background-size":"auto","background-attachment":"scroll","background-type":"","background-media":"","overlay-type":"","overlay-color":"","overlay-opacity":"","overlay-gradient":""}},"footnotes":""},"class_list":["post-173","page","type-page","status-publish","hentry"],"_links":{"self":[{"href":"https:\/\/praxis-hornscherweg.de\/wordpress\/wp-json\/wp\/v2\/pages\/173","targetHints":{"allow":["GET"]}}],"collection":[{"href":"https:\/\/praxis-hornscherweg.de\/wordpress\/wp-json\/wp\/v2\/pages"}],"about":[{"href":"https:\/\/praxis-hornscherweg.de\/wordpress\/wp-json\/wp\/v2\/types\/page"}],"author":[{"embeddable":true,"href":"https:\/\/praxis-hornscherweg.de\/wordpress\/wp-json\/wp\/v2\/users\/3"}],"replies":[{"embeddable":true,"href":"https:\/\/praxis-hornscherweg.de\/wordpress\/wp-json\/wp\/v2\/comments?post=173"}],"version-history":[{"count":16,"href":"https:\/\/praxis-hornscherweg.de\/wordpress\/wp-json\/wp\/v2\/pages\/173\/revisions"}],"predecessor-version":[{"id":756,"href":"https:\/\/praxis-hornscherweg.de\/wordpress\/wp-json\/wp\/v2\/pages\/173\/revisions\/756"}],"wp:attachment":[{"href":"https:\/\/praxis-hornscherweg.de\/wordpress\/wp-json\/wp\/v2\/media?parent=173"}],"curies":[{"name":"wp","href":"https:\/\/api.w.org\/{rel}","templated":true}]}}