{"id":53,"date":"2022-02-04T14:42:56","date_gmt":"2022-02-04T13:42:56","guid":{"rendered":"https:\/\/praxis-hornscherweg.de\/wordpress\/?page_id=53"},"modified":"2022-04-29T09:09:52","modified_gmt":"2022-04-29T07:09:52","slug":"datenschutzerklaerung","status":"publish","type":"page","link":"https:\/\/praxis-hornscherweg.de\/wordpress\/datenschutzerklaerung\/","title":{"rendered":"Datenschutzerkl\u00e4rung"},"content":{"rendered":"\t\t<div data-elementor-type=\"wp-page\" data-elementor-id=\"53\" class=\"elementor elementor-53\">\n\t\t\t\t\t\t<section class=\"elementor-section elementor-top-section elementor-element elementor-element-52c0e80 elementor-section-boxed elementor-section-height-default elementor-section-height-default\" data-id=\"52c0e80\" data-element_type=\"section\" data-e-type=\"section\">\n\t\t\t\t\t\t<div class=\"elementor-container elementor-column-gap-default\">\n\t\t\t\t\t<div class=\"elementor-column elementor-col-100 elementor-top-column elementor-element elementor-element-32c8701\" data-id=\"32c8701\" data-element_type=\"column\" data-e-type=\"column\">\n\t\t\t<div class=\"elementor-widget-wrap elementor-element-populated\">\n\t\t\t\t\t\t<div class=\"elementor-element elementor-element-c7a21db elementor-widget elementor-widget-text-editor\" data-id=\"c7a21db\" data-element_type=\"widget\" data-e-type=\"widget\" data-widget_type=\"text-editor.default\">\n\t\t\t\t<div class=\"elementor-widget-container\">\n\t\t\t\t\t\t\t\t\t<h4><strong>Datenschutzerkl\u00e4rung<\/strong><\/h4><p>Praxis Hornscher Weg<br \/>Dr. Barbara Hoppe-Sievert<br \/>Fach\u00e4rztin Innere Medizin<br \/>Dr. Matthias Kis<br \/>Facharzt Innere Medizin<br \/>Hornscher Weg 114<br \/>32657 Lemgo<br \/>Fon: 05261\/778780<br \/>Fax: 05261\/7787829<br \/><a href=\"mailto:Praxis@Praxis-Hornscherweg.de\">Praxis@Praxis-Hornscherweg.de<\/a> <br \/>(nachfolgend Anbieter)<br \/>geben\u00fcber ihren Nutzern.<\/p><p>Mit der nachstehenden Erkl\u00e4rung informieren wir Sie \u00fcber die Art, den Umfang und die Zwecke der Erhebung, Verarbeitung und Nutzung Ihrer Daten im Zusammenhang mit dem Besuch der Webseite www.Praxis-Hornscherweg.de und von deren Unterseiten (nachfolgend gesamthaft als Website bezeichnet).<\/p><h4>Personenbezogene Daten<\/h4><p>Personenbezogene Daten sind Einzelangaben \u00fcber pers\u00f6nliche oder sachliche Verh\u00e4ltnisse einer bestimmten oder bestimmbaren nat\u00fcrlichen Person. Hierzu geh\u00f6ren unmittelbar personenbezogene Angaben wie Ihr Vor- und Nachname, aber auch solche Daten, die in Verbindung mit anderen Angaben dazu f\u00fchren k\u00f6nnen, dass Sie als nat\u00fcrliche Person identifiziert werden k\u00f6nnen, wie z.B. Ihre Telefonnummer.<\/p><h4>Zwecke der Erhebung und Verwendung Ihrer Daten<\/h4><p>Der Anbieter speichert und verarbeitet Ihre personenbezogenen Daten unter Beachtung der einschl\u00e4gigen datenschutzrechtlichen Vorschriften, insbesondere des Bundesdatenschutzgesetzes (BDSG) und des Telemediengesetzes (TMG).<br \/>Er speichert und verwendet die von Ihnen mitgeteilten Daten um Ihnen die Nutzung dieser Website zu erm\u00f6glichen. Wenn Sie \u00fcber das Kontaktformular Daten an den Anbieter \u00fcbermitteln, speichert und verwendet er Ihre Daten, zur Werbung f\u00fcr eigene Produkte oder Dienstleistungen, zu dem Newsletterversand, wenn Sie den Newsletter des Anbieters bestellt haben und zur Kontaktaufnahme.<\/p><h4>Datennutzung f\u00fcr Werbezwecke und Kontaktpflege<\/h4><p>Zu Zwecken der werblichen Ansprache bzw. zur Kontaktpflege speichert der Anbieter Ihre Daten, wenn Sie eine Einwilligung hierzu erteilt haben oder wenn eine gesetzliche Werbeerlaubnis besteht. Dar\u00fcber hinaus nutzt der Anbieter Ihre Daten im Rahmen von Statistiken zur Reichweitenmessung seiner Webseite.<\/p><p>Bestandsdaten bei Nutzung des Kontaktformulars<\/p><p>Der Anbieter erhebt und nutzt nachstehende personenbezogene Daten, die f\u00fcr die Begr\u00fcndung der Gesch\u00e4ftsbeziehung erforderlich sind:<\/p><p>Vor- und Nachname,<br \/>Anschrift,<br \/>E-Mail Adresse,<br \/>Telefonnummer.<\/p><h4>Nutzungsdaten<\/h4><p>Der Anbieter erhebt und nutzt nachstehende personenbezogene Nutzungsdaten:<\/p><p>Name der abgerufenen Webseite bzw. der Url,<br \/>Datum und Uhrzeit des Abrufs,<br \/>Zugriffstatus \/ Http-Statuscode,<br \/>jeweils \u00fcbertragene Datenmenge,<br \/>Webseite, \u00fcber die die Anfrage kommt,<br \/>Browsersoftware und Softwareversion,<br \/>Betriebssystem und dessen Oberfl\u00e4che,<br \/>IP-Adresse (gek\u00fcrzt um die letzten 3 Ziffern)<br \/>zufallsgenerierte Schl\u00fcsselnummer des Cookies bzw. der Sitzung<\/p><h4>Cookies<\/h4><p>Bei Cookies handelt es sich um kleine Textdateien, die auf Ihrem Rechner abgelegt werden. Cookies besitzen stets eine G\u00fcltigkeitsdauer, die auf das Ende der Nutzersitzung beschr\u00e4nkt sein kann (sog. Sitzungs-Cookies) oder auch f\u00fcr einen l\u00e4ngeren Zeitraum bestehen kann (sog. dauerhafte Cookies). Diese dauerhaften Cookies verbleiben auf Ihrem Rechner und erm\u00f6glichen dem Anbieter oder seinen Partnerunternehmen, Ihren Rechner bei Ihrem n\u00e4chsten Besuch wieder zu erkennen. Sie k\u00f6nnen Ihren Browser so einstellen, dass Sie \u00fcber das Setzen von Cookies informiert werden und einzeln \u00fcber deren Annahme entscheiden oder f\u00fcr bestimmte F\u00e4lle oder generell das Setzen des Cookies ablehnen k\u00f6nnen. Bei der Nichtannahme von Cookies kann die Funktionalit\u00e4t der Webseite eingeschr\u00e4nkt sein.<\/p><h4>Einsatz von Cookies des Anbieters<\/h4><p>Der Anbieter verwendet Cookies, um den Besuch der Webseite attraktiv zu gestalten und die Nutzung bestimmter Funktionen zu erm\u00f6glichen. Diese Cookies werden grunds\u00e4tzlich nach dem Ende der Browser-Sitzung wieder von Ihrer Festplatte gel\u00f6scht.<\/p><h4>Ihr Auskunftsrecht<\/h4><p>Sie sind berechtigt, unentgeltlich schriftlich Auskunft dar\u00fcber zu verlangen, welche personenbezogenen Daten der Anbieter \u00fcber Sie gespeichert hat. Nach der Auskunftserteilung etwaige notwendige Berichtigungen, Sperrungen oder L\u00f6schungen werden im Einklang mit der Gesetzeslage unverz\u00fcglich vorgenommen. Weiterhin k\u00f6nnen Sie jederzeit eine L\u00f6schung Ihrer Daten erwirken. Sofern einer L\u00f6schung gesetzliche oder vertragliche Aufbewahrungspflichten entgegenstehen, werden die Daten gem\u00e4\u00df \u00a7 35 Abs. 3 BDSG gesperrt.<\/p><h4>Datenschutzbeauftragter der Praxis Hornscher Weg:<\/h4><p>Dipl.Ing. Rolf Sievert<br \/>Hornscher Weg 114<br \/>32657 Lemgo<br \/>05261\/778780<br \/><a href=\"mailto:datenschutz@Praxis-Hornscherweg.de\"><span id=\"cloak62365bd8414095ce5143867b1cf26a8d\">datenschutz@Praxis-Hornscherweg.de<\/span><\/a><\/p>\t\t\t\t\t\t\t\t<\/div>\n\t\t\t\t<\/div>\n\t\t\t\t\t<\/div>\n\t\t<\/div>\n\t\t\t\t\t<\/div>\n\t\t<\/section>\n\t\t\t\t<\/div>\n\t\t","protected":false},"excerpt":{"rendered":"<p>Datenschutzerkl\u00e4rung Praxis Hornscher WegDr. Barbara Hoppe-SievertFach\u00e4rztin Innere MedizinDr. Matthias KisFacharzt Innere MedizinHornscher Weg 11432657 LemgoFon: 05261\/778780Fax: 05261\/7787829Praxis@Praxis-Hornscherweg.de (nachfolgend Anbieter)geben\u00fcber ihren Nutzern. Mit der nachstehenden Erkl\u00e4rung informieren wir Sie \u00fcber die Art, den Umfang und die Zwecke der Erhebung, Verarbeitung und Nutzung Ihrer Daten im Zusammenhang mit dem Besuch der Webseite www.Praxis-Hornscherweg.de und von deren Unterseiten [&hellip;]<\/p>\n","protected":false},"author":3,"featured_media":0,"parent":0,"menu_order":12,"comment_status":"closed","ping_status":"closed","template":"","meta":{"site-sidebar-layout":"no-sidebar","site-content-layout":"page-builder","ast-site-content-layout":"default","site-content-style":"default","site-sidebar-style":"default","ast-global-header-display":"","ast-banner-title-visibility":"","ast-main-header-display":"","ast-hfb-above-header-display":"","ast-hfb-below-header-display":"","ast-hfb-mobile-header-display":"","site-post-title":"disabled","ast-breadcrumbs-content":"","ast-featured-img":"disabled","footer-sml-layout":"","ast-disable-related-posts":"","theme-transparent-header-meta":"","adv-header-id-meta":"","stick-header-meta":"","header-above-stick-meta":"","header-main-stick-meta":"","header-below-stick-meta":"","astra-migrate-meta-layouts":"default","ast-page-background-enabled":"default","ast-page-background-meta":{"desktop":{"background-color":"var(--ast-global-color-4)","background-image":"","background-repeat":"repeat","background-position":"center center","background-size":"auto","background-attachment":"scroll","background-type":"","background-media":"","overlay-type":"","overlay-color":"","overlay-opacity":"","overlay-gradient":""},"tablet":{"background-color":"","background-image":"","background-repeat":"repeat","background-position":"center center","background-size":"auto","background-attachment":"scroll","background-type":"","background-media":"","overlay-type":"","overlay-color":"","overlay-opacity":"","overlay-gradient":""},"mobile":{"background-color":"","background-image":"","background-repeat":"repeat","background-position":"center center","background-size":"auto","background-attachment":"scroll","background-type":"","background-media":"","overlay-type":"","overlay-color":"","overlay-opacity":"","overlay-gradient":""}},"ast-content-background-meta":{"desktop":{"background-color":"var(--ast-global-color-5)","background-image":"","background-repeat":"repeat","background-position":"center center","background-size":"auto","background-attachment":"scroll","background-type":"","background-media":"","overlay-type":"","overlay-color":"","overlay-opacity":"","overlay-gradient":""},"tablet":{"background-color":"var(--ast-global-color-5)","background-image":"","background-repeat":"repeat","background-position":"center center","background-size":"auto","background-attachment":"scroll","background-type":"","background-media":"","overlay-type":"","overlay-color":"","overlay-opacity":"","overlay-gradient":""},"mobile":{"background-color":"var(--ast-global-color-5)","background-image":"","background-repeat":"repeat","background-position":"center center","background-size":"auto","background-attachment":"scroll","background-type":"","background-media":"","overlay-type":"","overlay-color":"","overlay-opacity":"","overlay-gradient":""}},"footnotes":""},"class_list":["post-53","page","type-page","status-publish","hentry"],"_links":{"self":[{"href":"https:\/\/praxis-hornscherweg.de\/wordpress\/wp-json\/wp\/v2\/pages\/53","targetHints":{"allow":["GET"]}}],"collection":[{"href":"https:\/\/praxis-hornscherweg.de\/wordpress\/wp-json\/wp\/v2\/pages"}],"about":[{"href":"https:\/\/praxis-hornscherweg.de\/wordpress\/wp-json\/wp\/v2\/types\/page"}],"author":[{"embeddable":true,"href":"https:\/\/praxis-hornscherweg.de\/wordpress\/wp-json\/wp\/v2\/users\/3"}],"replies":[{"embeddable":true,"href":"https:\/\/praxis-hornscherweg.de\/wordpress\/wp-json\/wp\/v2\/comments?post=53"}],"version-history":[{"count":10,"href":"https:\/\/praxis-hornscherweg.de\/wordpress\/wp-json\/wp\/v2\/pages\/53\/revisions"}],"predecessor-version":[{"id":189,"href":"https:\/\/praxis-hornscherweg.de\/wordpress\/wp-json\/wp\/v2\/pages\/53\/revisions\/189"}],"wp:attachment":[{"href":"https:\/\/praxis-hornscherweg.de\/wordpress\/wp-json\/wp\/v2\/media?parent=53"}],"curies":[{"name":"wp","href":"https:\/\/api.w.org\/{rel}","templated":true}]}}