{"id":58,"date":"2022-02-04T14:45:27","date_gmt":"2022-02-04T13:45:27","guid":{"rendered":"https:\/\/praxis-hornscherweg.de\/wordpress\/?page_id=58"},"modified":"2022-04-29T09:10:00","modified_gmt":"2022-04-29T07:10:00","slug":"impressum","status":"publish","type":"page","link":"https:\/\/praxis-hornscherweg.de\/wordpress\/impressum\/","title":{"rendered":"Impressum"},"content":{"rendered":"\t\t<div data-elementor-type=\"wp-page\" data-elementor-id=\"58\" class=\"elementor elementor-58\">\n\t\t\t\t\t\t<section class=\"elementor-section elementor-top-section elementor-element elementor-element-395f653 elementor-section-boxed elementor-section-height-default elementor-section-height-default\" data-id=\"395f653\" data-element_type=\"section\" data-e-type=\"section\">\n\t\t\t\t\t\t<div class=\"elementor-container elementor-column-gap-default\">\n\t\t\t\t\t<div class=\"elementor-column elementor-col-100 elementor-top-column elementor-element elementor-element-1790e9b\" data-id=\"1790e9b\" data-element_type=\"column\" data-e-type=\"column\">\n\t\t\t<div class=\"elementor-widget-wrap elementor-element-populated\">\n\t\t\t\t\t\t<div class=\"elementor-element elementor-element-3ea4853 elementor-widget elementor-widget-text-editor\" data-id=\"3ea4853\" data-element_type=\"widget\" data-e-type=\"widget\" data-widget_type=\"text-editor.default\">\n\t\t\t\t<div class=\"elementor-widget-container\">\n\t\t\t\t\t\t\t\t\t<p><strong>Angaben gem\u00e4\u00df \u00a7 5 TMG:<\/strong><\/p><p>Praxis Hornscher Weg (GbR)<br \/>Dr. Barbara Hoppe-Sievert (Fach\u00e4rztin f\u00fcr Innere Medizin und Gastroenterologie)<\/p><p>Dr. Matthias Kis (Facharzt f\u00fcr Innere Medizin und Gastroenterologie)<\/p><p>Adresse:<br \/>Hornscher Weg 114<br \/>32657 Lemgo<\/p><p>Telefon:<br \/>05261\/778780<\/p><p>Notfall-Handy:<br \/>0160\/6522588<\/p><p>Fax:<br \/>05261\/7787829<\/p><p>E-Mail:<br \/><span id=\"cloakdc715ba53da8688d10760dc2e1b8921e\"><a href=\"mailto:praxis@praxis-hornscherweg.de\">praxis@praxis-hornscherweg.de<\/a><\/span><\/p><p><strong>Pflichtangaben nach TDG und EGG:<\/strong><br \/>Die gesetzliche Berufsbezeichung Arzt bzw. \u00c4rztin wurde allen o.g. \u00c4rzten in Deutschland verliehen.<\/p><p><strong>Zust\u00e4ndige \u00c4rztekammer:<\/strong> <br \/>Landes\u00e4rztekammer Westfalen Lippe<br \/>K\u00f6rperschaft des \u00f6ffentlichen Rechts<br \/>Gartenstra\u00dfe 210-214<br \/>48147 M\u00fcnster<br \/>Tel.: (0251) 929 &#8211; 0<br \/>Fax: (0251) 929 &#8211; 2999<br \/>E-Mail: <a href=\"mailto:posteingang@aekwl.de\">posteingang@aekwl.de<\/a><br \/>Internet: <a href=\"http:\/\/www.aekwl.de\/index.php?id=startseite\" target=\"_blank\" rel=\"noopener noreferrer\">http:\/\/www.aekwl.de<\/a>\u00a0<\/p><p><strong>Zust\u00e4ndige Aufsichtsbeh\u00f6rde:<\/strong><br \/>Kassen\u00e4rztliche Vereinigung Westfalen-Lippe <br \/>K\u00f6rperschaft des \u00f6ffentlichen Rechts<br \/>Robert-Schimrigk-Str. 4-6<br \/>44141 Dortmund<br \/>Tel: 0231 \/ 94 32 &#8211; 0<br \/>Fax: 0231 \/ 94 32 &#8211; 55 55<br \/>E-Mail: <span id=\"cloak8f63d9320730cd5df57bee3142ecf64d\"><a href=\"mailto:kvinfo@kvwl.de\">kvinfo@kvwl.de<\/a><\/span><br \/>Internet: <a href=\"http:\/\/www.kvwl.de\" target=\"_blank\" rel=\"noopener noreferrer\">http:\/\/www.kvwl.de<\/a><\/p><p><strong>Berufsrechtliche Regelungen:<\/strong><br \/><a href=\"https:\/\/praxis-hornscherweg.de\/wordpress\/wp-content\/uploads\/2022\/02\/Berufsordnung.pdf\" target=\"_blank\" rel=\"noopener noreferrer\">Berufsordnung<\/a> (pdf) der \u00c4rztekammer Westfalen-Lippe<br \/><a href=\"https:\/\/praxis-hornscherweg.de\/wordpress\/wp-content\/uploads\/2022\/02\/Heilberufsgesetz.pdf\" target=\"_blank\" rel=\"noopener noreferrer\">Heilberufsgesetz<\/a> (pdf) NW<\/p><p><strong>Streitschlichtung<\/strong><br \/>Nach dem VSBG sind wir zu einem au\u00dfergerichtlichen Streitbeilegungsverfahren gesetzlich nicht verpflichtet und werden diesem auch nicht freiwillig zustimmen.<\/p><p><strong>Haftung f\u00fcr Inhalte<\/strong><br \/>Als Diensteanbieter sind wir gem\u00e4\u00df \u00a7 7 Abs.1 TMG f\u00fcr eigene Inhalte auf diesen Seiten nach den allgemeinen Gesetzen verantwortlich. Nach \u00a7\u00a7 8 bis 10 TMG sind wir als Diensteanbieter jedoch nicht verpflichtet, \u00fcbermittelte oder gespeicherte fremde Informationen zu \u00fcberwachen oder nach Umst\u00e4nden zu forschen, die auf eine rechtswidrige T\u00e4tigkeit hinweisen.<br \/>Verpflichtungen zur Entfernung oder Sperrung der Nutzung von Informationen nach den allgemeinen Gesetzen bleiben hiervon unber\u00fchrt. Eine diesbez\u00fcgliche Haftung ist jedoch erst ab dem Zeitpunkt der Kenntnis einer konkreten Rechtsverletzung m\u00f6glich. Bei Bekanntwerden von entsprechenden Rechtsverletzungen werden wir diese Inhalte umgehend entfernen.<\/p><p><strong>Haftung f\u00fcr Links<\/strong><br \/>Unser Angebot enth\u00e4lt Links zu externen Webseiten Dritter, auf deren Inhalte wir keinen Einfluss haben. Deshalb k\u00f6nnen wir f\u00fcr diese fremden Inhalte auch keine Gew\u00e4hr \u00fcbernehmen. F\u00fcr die Inhalte der verlinkten Seiten ist stets der jeweilige Anbieter oder Betreiber der Seiten verantwortlich. Die verlinkten Seiten wurden zum Zeitpunkt der Verlinkung auf m\u00f6gliche Rechtsverst\u00f6\u00dfe \u00fcberpr\u00fcft. Rechtswidrige Inhalte waren zum Zeitpunkt der Verlinkung nicht erkennbar. Eine permanente inhaltliche Kontrolle der verlinkten Seiten ist jedoch ohne konkrete Anhaltspunkte einer Rechtsverletzung nicht zumutbar. Bei Bekanntwerden von Rechtsverletzungen werden wir derartige Links umgehend entfernen.<\/p><p><strong>Urheberrecht<\/strong><br \/>Die durch die Seitenbetreiber erstellten Inhalte und Werke auf diesen Seiten unterliegen dem deutschen Urheberrecht. Die Vervielf\u00e4ltigung, Bearbeitung, Verbreitung und jede Art der Verwertung au\u00dferhalb der Grenzen des Urheberrechtes bed\u00fcrfen der schriftlichen Zustimmung des jeweiligen Autors bzw. Erstellers. Downloads und Kopien dieser Seite sind nur f\u00fcr den privaten, nicht kommerziellen Gebrauch gestattet. <br \/>Soweit die Inhalte auf dieser Seite nicht vom Betreiber erstellt wurden, werden die Urheberrechte Dritter beachtet. Insbesondere werden Inhalte Dritter als solche gekennzeichnet. Sollten Sie trotzdem auf eine Urheberrechtsverletzung aufmerksam werden, bitten wir um einen entsprechenden Hinweis. Bei Bekanntwerden von Rechtsverletzungen werden wir derartige Inhalte umgehend entfernen.<\/p>\t\t\t\t\t\t\t\t<\/div>\n\t\t\t\t<\/div>\n\t\t\t\t\t<\/div>\n\t\t<\/div>\n\t\t\t\t\t<\/div>\n\t\t<\/section>\n\t\t\t\t<\/div>\n\t\t","protected":false},"excerpt":{"rendered":"<p>Angaben gem\u00e4\u00df \u00a7 5 TMG: Praxis Hornscher Weg (GbR)Dr. Barbara Hoppe-Sievert (Fach\u00e4rztin f\u00fcr Innere Medizin und Gastroenterologie) Dr. Matthias Kis (Facharzt f\u00fcr Innere Medizin und Gastroenterologie) Adresse:Hornscher Weg 11432657 Lemgo Telefon:05261\/778780 Notfall-Handy:0160\/6522588 Fax:05261\/7787829 E-Mail:praxis@praxis-hornscherweg.de Pflichtangaben nach TDG und EGG:Die gesetzliche Berufsbezeichung Arzt bzw. \u00c4rztin wurde allen o.g. \u00c4rzten in Deutschland verliehen. Zust\u00e4ndige \u00c4rztekammer: Landes\u00e4rztekammer Westfalen [&hellip;]<\/p>\n","protected":false},"author":3,"featured_media":0,"parent":0,"menu_order":13,"comment_status":"closed","ping_status":"closed","template":"","meta":{"site-sidebar-layout":"no-sidebar","site-content-layout":"page-builder","ast-site-content-layout":"default","site-content-style":"default","site-sidebar-style":"default","ast-global-header-display":"","ast-banner-title-visibility":"","ast-main-header-display":"","ast-hfb-above-header-display":"","ast-hfb-below-header-display":"","ast-hfb-mobile-header-display":"","site-post-title":"disabled","ast-breadcrumbs-content":"","ast-featured-img":"disabled","footer-sml-layout":"","ast-disable-related-posts":"","theme-transparent-header-meta":"","adv-header-id-meta":"","stick-header-meta":"","header-above-stick-meta":"","header-main-stick-meta":"","header-below-stick-meta":"","astra-migrate-meta-layouts":"default","ast-page-background-enabled":"default","ast-page-background-meta":{"desktop":{"background-color":"var(--ast-global-color-4)","background-image":"","background-repeat":"repeat","background-position":"center center","background-size":"auto","background-attachment":"scroll","background-type":"","background-media":"","overlay-type":"","overlay-color":"","overlay-opacity":"","overlay-gradient":""},"tablet":{"background-color":"","background-image":"","background-repeat":"repeat","background-position":"center center","background-size":"auto","background-attachment":"scroll","background-type":"","background-media":"","overlay-type":"","overlay-color":"","overlay-opacity":"","overlay-gradient":""},"mobile":{"background-color":"","background-image":"","background-repeat":"repeat","background-position":"center center","background-size":"auto","background-attachment":"scroll","background-type":"","background-media":"","overlay-type":"","overlay-color":"","overlay-opacity":"","overlay-gradient":""}},"ast-content-background-meta":{"desktop":{"background-color":"var(--ast-global-color-5)","background-image":"","background-repeat":"repeat","background-position":"center center","background-size":"auto","background-attachment":"scroll","background-type":"","background-media":"","overlay-type":"","overlay-color":"","overlay-opacity":"","overlay-gradient":""},"tablet":{"background-color":"var(--ast-global-color-5)","background-image":"","background-repeat":"repeat","background-position":"center center","background-size":"auto","background-attachment":"scroll","background-type":"","background-media":"","overlay-type":"","overlay-color":"","overlay-opacity":"","overlay-gradient":""},"mobile":{"background-color":"var(--ast-global-color-5)","background-image":"","background-repeat":"repeat","background-position":"center center","background-size":"auto","background-attachment":"scroll","background-type":"","background-media":"","overlay-type":"","overlay-color":"","overlay-opacity":"","overlay-gradient":""}},"footnotes":""},"class_list":["post-58","page","type-page","status-publish","hentry"],"_links":{"self":[{"href":"https:\/\/praxis-hornscherweg.de\/wordpress\/wp-json\/wp\/v2\/pages\/58","targetHints":{"allow":["GET"]}}],"collection":[{"href":"https:\/\/praxis-hornscherweg.de\/wordpress\/wp-json\/wp\/v2\/pages"}],"about":[{"href":"https:\/\/praxis-hornscherweg.de\/wordpress\/wp-json\/wp\/v2\/types\/page"}],"author":[{"embeddable":true,"href":"https:\/\/praxis-hornscherweg.de\/wordpress\/wp-json\/wp\/v2\/users\/3"}],"replies":[{"embeddable":true,"href":"https:\/\/praxis-hornscherweg.de\/wordpress\/wp-json\/wp\/v2\/comments?post=58"}],"version-history":[{"count":16,"href":"https:\/\/praxis-hornscherweg.de\/wordpress\/wp-json\/wp\/v2\/pages\/58\/revisions"}],"predecessor-version":[{"id":192,"href":"https:\/\/praxis-hornscherweg.de\/wordpress\/wp-json\/wp\/v2\/pages\/58\/revisions\/192"}],"wp:attachment":[{"href":"https:\/\/praxis-hornscherweg.de\/wordpress\/wp-json\/wp\/v2\/media?parent=58"}],"curies":[{"name":"wp","href":"https:\/\/api.w.org\/{rel}","templated":true}]}}